{"id":150,"date":"2020-12-30T14:19:14","date_gmt":"2020-12-30T13:19:14","guid":{"rendered":"https:\/\/shopboard.pl\/?page_id=150"},"modified":"2024-02-28T13:29:40","modified_gmt":"2024-02-28T12:29:40","slug":"polityka-cookies","status":"publish","type":"page","link":"https:\/\/shopboard.pl\/index.php\/polityka-cookies\/","title":{"rendered":"Polityka Cookies"},"content":{"rendered":"\t\t<div data-elementor-type=\"wp-page\" data-elementor-id=\"150\" class=\"elementor elementor-150\">\n\t\t\t\t\t\t<section class=\"elementor-section elementor-top-section elementor-element elementor-element-77c1215a elementor-section-content-middle elementor-section-full_width elementor-section-height-default elementor-section-height-default\" data-id=\"77c1215a\" data-element_type=\"section\" data-e-type=\"section\">\n\t\t\t\t\t\t<div class=\"elementor-container elementor-column-gap-no\">\n\t\t\t\t\t<div class=\"elementor-column elementor-col-100 elementor-top-column elementor-element elementor-element-35ad1d0\" data-id=\"35ad1d0\" data-element_type=\"column\" data-e-type=\"column\">\n\t\t\t<div class=\"elementor-widget-wrap elementor-element-populated\">\n\t\t\t\t\t\t<div class=\"elementor-element elementor-element-6f99cd38 elementor-widget elementor-widget-heading\" data-id=\"6f99cd38\" data-element_type=\"widget\" data-e-type=\"widget\" data-widget_type=\"heading.default\">\n\t\t\t\t<div class=\"elementor-widget-container\">\n\t\t\t\t\t<h1 class=\"elementor-heading-title elementor-size-default\"><div style=\"font-size: 16px;font-weight: 300\"><h1 class=\"elementor-heading-title elementor-size-default elementor-inline-editing pen\" data-elementor-setting-key=\"title\" data-pen-placeholder=\"Pisz tutaj...\" style=\"font-family: var( --e-global-typography-primary-font-family ), Sans-serif;font-weight: 600;line-height: 1.4em;font-size: 18px\">Niniejsza polityka okre\u015bla zasady korzystania przez niniejszy portal internetowy z plik\u00f3w cookies.\n<\/h1><p><span style=\"font-family: var( --e-global-typography-primary-font-family ), Sans-serif;font-size: 25px;background-color: transparent\"><\/span><br><\/p><\/div><\/h1>\t\t\t\t<\/div>\n\t\t\t\t<\/div>\n\t\t\t\t<div class=\"elementor-element elementor-element-76b9a83a elementor-widget elementor-widget-text-editor\" data-id=\"76b9a83a\" data-element_type=\"widget\" data-e-type=\"widget\" data-widget_type=\"text-editor.default\">\n\t\t\t\t<div class=\"elementor-widget-container\">\n\t\t\t\t\t\t\t\t\t<div style=\"margin: 0px auto; padding: 0px; outline: 0px; max-width: 100%; width: 1202px; color: #8d99ae; text-align: left;\"><p><strong style=\"margin: 0px; padding: 0px; outline: 0px;\">Jak wykorzystujemy pliki cookies?<\/strong><\/p><\/div><div style=\"margin: 0px auto; padding: 0px; outline: 0px; max-width: 100%; width: 1202px; text-align: justify; justify-content: space-between;\"><p style=\"outline: 0px; overflow-wrap: break-word;\"><span style=\"color: #8d99ae;\">Pliki cookies (tzw. \u201eciasteczka\u201d) stanowi\u0105 dane informatyczne \u2013 w szczeg\u00f3lno\u015bci pliki tekstowe \u2013 s\u0105 umieszczane przez nasz Serwis podczas ka\u017cdej wizyty w urz\u0105dzeniu ko\u0144cowym U\u017cytkownika, co pozwala naszym witrynom internetowym zapami\u0119ta\u0107 komputer U\u017cytkownika lub urz\u0105dzenie oraz s\u0142u\u017cy realizacji kilku cel\u00f3w. Podmiotem zamieszczaj\u0105cym na urz\u0105dzeniu ko\u0144cowym U\u017cytkownika Serwisu pliki cookies oraz uzyskuj\u0105cym do nich dost\u0119p jest firma <b><i>SHOPBOARD LTD, 7 Bell Yard, London, England, WC2A 2JR, numer identyfikacyjny 12313387<\/i><\/b>. Serwer Serwisu automatycznie rejestruje informacje przesy\u0142ane przez przegl\u0105dark\u0119 U\u017cytkownika w czasie wy\u015bwietlania witryny. Dzienniki serwera mog\u0105 zawiera\u0107 informacje takie jak \u017c\u0105danie sieciowe, adres IP, typ i j\u0119zyk przegl\u0105darki, data i godzina przes\u0142ania \u017c\u0105dania. Te informacje pozwalaj\u0105 podnosi\u0107 jako\u015b\u0107 naszych Us\u0142ug dzi\u0119ki identyfikowaniu i przechowywaniu preferencji U\u017cytkownika oraz \u015bledzeniu trend\u00f3w, takich jak na przyk\u0142ad sposoby w jakich przeszukiwane s\u0105 nasze Serwisy.<\/span><\/p><div style=\"color: #8d99ae; margin: 0px auto; padding: 0px; outline: 0px; max-width: 100%; width: 1202px; text-align: justify; justify-content: space-between;\"><p style=\"outline: 0px; overflow-wrap: break-word;\">Na naszych Serwisach wykorzystywane s\u0105 nast\u0119puj\u0105ce rodzaje plik\u00f3w cookies:<br \/><em><strong>Dzia\u0142anie<\/strong><\/em><br \/><em><strong>Charakterystyka<\/strong><\/em><br \/><em><strong>Typ<\/strong><\/em><br \/><em><strong>Zapewnienie wydajno\u015bci:<\/strong><\/em><br \/>\u2013 kompatybilno\u015b\u0107 (np. identyfikacja typu przegl\u0105darki);<br \/>\u2013 optymalizacj\u0119 (np. pomiar czasu \u0142adowania zawarto\u015bci Serwisu);<br \/><em><strong>Sesyjne -&gt;<\/strong><\/em> w chwili zamkni\u0119cia przegl\u0105darki ciasteczka s\u0105 usuwane Zwi\u0119kszenie bezpiecze\u0144stwa:<br \/>\u2013 sprawdzenie czy urz\u0105dzenie u\u017cytkownika jest bezpiecznie zalogowane przez ca\u0142y czas trwania jego wizyty w Serwisie;<br \/><em><strong>Sesyjne -&gt;<\/strong><\/em> w chwili zamkni\u0119cia przegl\u0105darki ciasteczka s\u0105 usuwane<br \/>Zapami\u0119tanie preferencji:<br \/>\u2013 ulepszenie dzia\u0142ania Serwisu np. poprzez spersonalizowane tre\u015bci, powitanie lub zapami\u0119tanie wybranego j\u0119zyka;<br \/><em><strong>Sesyjne -&gt;<\/strong><\/em> w chwili zamkni\u0119cia przegl\u0105darki ciasteczka s\u0105 usuwane<br \/>Analiza sposobu korzystania z Serwisu:<br \/>\u2013 zbieranie statystyk dotycz\u0105cych m.in. og\u00f3lnej liczby wizyt ods\u0142on oraz odwo\u0142a\u0144 do Serwisu;<br \/><em><strong>Sta\u0142e -&gt;<\/strong><\/em> usuwane po d\u0142u\u017cszym braku odwiedzania Serwisu<br \/>Informacje zwrotne od U\u017cytkownik\u00f3w Serwisu<br \/>\u2013 nie wy\u015bwietlanie powiadomie\u0144 o charakterze jednorazowym po przej\u015bciu U\u017cytkownika do kolejnej podstrony Serwisu;<br \/>\u2013 nie wy\u015bwietlanie powiadomie\u0144 cyklicznych przez zdefiniowany okres;<br \/>Sesyjne -&gt; w chwili zamkni\u0119cia przegl\u0105darki ciasteczka s\u0105 usuwane<br \/><em><strong>Sta\u0142e -&gt;<\/strong><\/em> usuwane po d\u0142u\u017cszym braku odwiedzania Serwisu<br \/>Wtyczki \/ widgety:<br \/>\u2013 dzielenie si\u0119 tre\u015bciami Serwisu na platformach spo\u0142eczno\u015bciowych;<br \/>\u2013 odnotowywanie interakcji u\u017cytkownik\u00f3w w Serwisie (np. za pomoc\u0105 licznika liczby udost\u0119pnie\u0144);<br \/><em><strong>Sta\u0142e -&gt;<\/strong><\/em> usuwane po d\u0142u\u017cszym braku odwiedzania Serwisu<br \/>Dostarczanie w\u0142a\u015bciwych tre\u015bci marketingowych:<br \/>(w szczeg\u00f3lno\u015bci reklamy online)<br \/>\u2013 dostarczanie reklam internetowych, kt\u00f3re naszym zdaniem s\u0105 dla Ciebie najbardziej istotne na naszych Serwisach i stronach internetowych innych podmiot\u00f3w;<br \/><em><strong>Sta\u0142e -&gt;<\/strong><\/em> usuwane po d\u0142u\u017cszym braku odwiedzania Serwisu<br \/>Pomiar skuteczno\u015bci naszej komunikacji marketingowej:<br \/>(w tym reklamy online)<br \/>\u2013 mierzenie skuteczno\u015bci naszych internetowych kampanii reklamowych oraz tych wysy\u0142anych za po\u015brednictwem e-mail;<br \/>\u2013 kontrolowanie liczby wy\u015bwietle\u0144 reklamy.<br \/><em><strong>Sta\u0142e -&gt;<\/strong><\/em> usuwane po d\u0142u\u017cszym braku odwiedzania Serwisu<br \/>Pomimo, \u017ce wi\u0119kszo\u015b\u0107 przegl\u0105darek internetowych automatycznie zezwala na umieszczanie na komputerze plik\u00f3w cookies, U\u017cytkownik mo\u017ce zabroni\u0107 odbierania plik\u00f3w cookies, przez co pozostanie anonimowy. W takim przypadku nale\u017cy pami\u0119ta\u0107, \u017ce nie wyra\u017caj\u0105c zgody na umieszczanie plik\u00f3w cookies, u\u017cytkownik nie b\u0119dzie m\u00f3g\u0142 w pe\u0142ni korzysta\u0107 ze wszystkich funkcji Serwisu. W celu skonfigurowania opcji swojego urz\u0105dzenia w zakresie wyra\u017cenia zgody na zapisywanie plik\u00f3w cookies oraz okre\u015blenia zakresu zapisywanych cookies, U\u017cytkownik mo\u017ce dokona\u0107 zmian ustawie\u0144 wykorzystywanej przegl\u0105darki internetowej (w wi\u0119kszo\u015bci przypadk\u00f3w taka opcja znajduje si\u0119 w Narz\u0119dziach lub menu Preferencje przegl\u0105darki).<\/p><p><strong style=\"margin: 0px; padding: 0px; outline: 0px;\">Czy mog\u0119 zrezygnowa\u0107 z akceptowania plik\u00f3w cookies?<\/strong><\/p><div style=\"margin: 0px auto; padding: 0px; outline: 0px; max-width: 100%; width: 1202px; color: #8d99ae; text-align: justify; justify-content: space-between;\"><p style=\"outline: 0px; overflow-wrap: break-word;\">Przegl\u0105darki internetowe domy\u015blnie dopuszczaj\u0105 przechowywanie plik\u00f3w cookies. Je\u015bli jednak nie wyra\u017casz zgody na korzystanie z plik\u00f3w cookie przez stron\u0119 internetow\u0105 portalu, poni\u017cej wskazujemy spos\u00f3b w jaki mo\u017cesz w ka\u017cdej chwili zmieni\u0107 ich ustawienia w taki spos\u00f3b, aby zapobiec zapisywaniu\/odczytywaniu si\u0119 plik\u00f3w cookie podczas Twoich odwiedzin na portalu.<br \/>Przypominamy, \u017ce brak mo\u017cliwo\u015bci zapisywania\/odczytywania plik\u00f3w cookies przez stron\u0119 internetow\u0105 portalu mo\u017ce uniemo\u017cliwi\u0107 pe\u0142ne i poprawne korzystanie serwisu.<\/p><p><strong style=\"margin: 0px; padding: 0px; outline: 0px;\">Jak wy\u0142\u0105czy\u0107 obs\u0142ug\u0119 plik\u00f3w cookies?<\/strong><\/p><div style=\"margin: 0px auto; padding: 0px; outline: 0px; max-width: 100%; width: 1202px; color: #8d99ae; justify-content: space-between; text-align: left;\"><p style=\"text-align: left;\">Informacje na temat zarz\u0105dzania plikami cookies w poszczeg\u00f3lnych przegl\u0105darkach mo\u017cna znale\u017a\u0107 na stronach dedykowanych poszczeg\u00f3lnym przegl\u0105darkom:<\/p><p style=\"text-align: left;\"><a href=\"https:\/\/support.mozilla.org\/pl\/kb\/ciasteczka\">Firefox<\/a><br \/><a href=\"https:\/\/support.microsoft.com\/pl-pl\/help\/17442\/windows-internet-explorer-delete-manage-cookies\">Internet Explorer<\/a><br \/><a href=\"https:\/\/support.google.com\/chrome\/answer\/95647?hl=pl\">Chrome<\/a><br \/><a href=\"http:\/\/help.opera.com\/Linux\/12.10\/pl\/cookies.html\">Opera<\/a><br \/><a href=\"https:\/\/support.apple.com\/pl-pl\/HT201265\">Safari<\/a><\/p><p style=\"text-align: left;\"><a href=\"http:\/\/allaboutcookies.org\">Dodatkowe informacje o zarz\u0105dzaniu plikami cookies.<\/a><\/p><p style=\"outline: 0px; overflow-wrap: break-word;\">\u00a0<\/p><\/div><\/div><\/div><\/div>\t\t\t\t\t\t\t\t<\/div>\n\t\t\t\t<\/div>\n\t\t\t\t\t<\/div>\n\t\t<\/div>\n\t\t\t\t\t<\/div>\n\t\t<\/section>\n\t\t\t\t<section class=\"elementor-section elementor-top-section elementor-element elementor-element-7723ad43 elementor-section-boxed elementor-section-height-default elementor-section-height-default\" data-id=\"7723ad43\" data-element_type=\"section\" data-e-type=\"section\" data-settings=\"{&quot;background_background&quot;:&quot;classic&quot;}\">\n\t\t\t\t\t\t<div class=\"elementor-container elementor-column-gap-wider\">\n\t\t\t\t\t<div class=\"elementor-column elementor-col-25 elementor-top-column elementor-element elementor-element-107fce9\" data-id=\"107fce9\" data-element_type=\"column\" data-e-type=\"column\">\n\t\t\t<div class=\"elementor-widget-wrap elementor-element-populated\">\n\t\t\t\t\t\t<div class=\"elementor-element elementor-element-5ef5d98e elementor-widget elementor-widget-image\" data-id=\"5ef5d98e\" data-element_type=\"widget\" data-e-type=\"widget\" data-widget_type=\"image.default\">\n\t\t\t\t<div class=\"elementor-widget-container\">\n\t\t\t\t\t\t\t\t\t\t\t\t\t\t\t\t<a href=\"https:\/\/shopboard.pl\/\">\n\t\t\t\t\t\t\t<img fetchpriority=\"high\" decoding=\"async\" width=\"1024\" height=\"94\" src=\"https:\/\/shopboard.pl\/wp-content\/uploads\/2020\/12\/brandmark-design-6-1024x94.png\" class=\"attachment-large size-large wp-image-40\" alt=\"\" srcset=\"https:\/\/shopboard.pl\/wp-content\/uploads\/2020\/12\/brandmark-design-6-1024x94.png 1024w, https:\/\/shopboard.pl\/wp-content\/uploads\/2020\/12\/brandmark-design-6-e1609243568346.png 300w, https:\/\/shopboard.pl\/wp-content\/uploads\/2020\/12\/brandmark-design-6-768x71.png 768w, https:\/\/shopboard.pl\/wp-content\/uploads\/2020\/12\/brandmark-design-6-1536x141.png 1536w, https:\/\/shopboard.pl\/wp-content\/uploads\/2020\/12\/brandmark-design-6-1200x110.png 1200w\" sizes=\"(max-width: 1024px) 100vw, 1024px\" \/>\t\t\t\t\t\t\t\t<\/a>\n\t\t\t\t\t\t\t\t\t\t\t\t\t\t\t<\/div>\n\t\t\t\t<\/div>\n\t\t\t\t\t<\/div>\n\t\t<\/div>\n\t\t\t\t<div class=\"elementor-column elementor-col-25 elementor-top-column elementor-element elementor-element-6f13116a\" data-id=\"6f13116a\" data-element_type=\"column\" data-e-type=\"column\">\n\t\t\t<div class=\"elementor-widget-wrap elementor-element-populated\">\n\t\t\t\t\t\t<div class=\"elementor-element elementor-element-594e8acb elementor-widget elementor-widget-heading\" data-id=\"594e8acb\" data-element_type=\"widget\" data-e-type=\"widget\" data-widget_type=\"heading.default\">\n\t\t\t\t<div class=\"elementor-widget-container\">\n\t\t\t\t\t<h3 class=\"elementor-heading-title elementor-size-large\"><span style=\"font-family: Montserrat, sans-serif;font-size: 20px;font-weight: 500;text-transform: uppercase\">Menu<\/span><span style=\"font-family: Montserrat, sans-serif;font-size: 20px;font-weight: 500;text-transform: uppercase\"><\/span><\/h3>\t\t\t\t<\/div>\n\t\t\t\t<\/div>\n\t\t\t\t<div class=\"elementor-element elementor-element-27e86b8e elementor-icon-list--layout-traditional elementor-list-item-link-full_width elementor-widget elementor-widget-icon-list\" data-id=\"27e86b8e\" data-element_type=\"widget\" data-e-type=\"widget\" data-widget_type=\"icon-list.default\">\n\t\t\t\t<div class=\"elementor-widget-container\">\n\t\t\t\t\t\t\t<ul class=\"elementor-icon-list-items\">\n\t\t\t\t\t\t\t<li class=\"elementor-icon-list-item\">\n\t\t\t\t\t\t\t\t\t\t\t<a href=\"https:\/\/shopboard.pl\/index.php\/blog\/\">\n\n\t\t\t\t\t\t\t\t\t\t\t<span class=\"elementor-icon-list-text\">Blog<\/span>\n\t\t\t\t\t\t\t\t\t\t\t<\/a>\n\t\t\t\t\t\t\t\t\t<\/li>\n\t\t\t\t\t\t\t\t<li class=\"elementor-icon-list-item\">\n\t\t\t\t\t\t\t\t\t\t\t<a href=\"https:\/\/shopboard.pl\/index.php\/kontakt\/\">\n\n\t\t\t\t\t\t\t\t\t\t\t<span class=\"elementor-icon-list-text\">Kontakt<\/span>\n\t\t\t\t\t\t\t\t\t\t\t<\/a>\n\t\t\t\t\t\t\t\t\t<\/li>\n\t\t\t\t\t\t<\/ul>\n\t\t\t\t\t\t<\/div>\n\t\t\t\t<\/div>\n\t\t\t\t<div class=\"elementor-element elementor-element-1bc5a9c2 elementor-icon-list--layout-traditional elementor-list-item-link-full_width elementor-widget elementor-widget-icon-list\" data-id=\"1bc5a9c2\" data-element_type=\"widget\" data-e-type=\"widget\" data-widget_type=\"icon-list.default\">\n\t\t\t\t<div class=\"elementor-widget-container\">\n\t\t\t\t\t\t\t<ul class=\"elementor-icon-list-items\">\n\t\t\t\t\t\t\t<li class=\"elementor-icon-list-item\">\n\t\t\t\t\t\t\t\t\t\t\t<a href=\"https:\/\/shopboard.pl\/index.php\/polityka-prywatnosci\/\">\n\n\t\t\t\t\t\t\t\t\t\t\t<span class=\"elementor-icon-list-text\">Polityka Prywatno\u015bci <\/span>\n\t\t\t\t\t\t\t\t\t\t\t<\/a>\n\t\t\t\t\t\t\t\t\t<\/li>\n\t\t\t\t\t\t\t\t<li class=\"elementor-icon-list-item\">\n\t\t\t\t\t\t\t\t\t\t\t<a href=\"https:\/\/shopboard.pl\/index.php\/polityka-cookies\/\">\n\n\t\t\t\t\t\t\t\t\t\t\t<span class=\"elementor-icon-list-text\">Polityka Cookies<\/span>\n\t\t\t\t\t\t\t\t\t\t\t<\/a>\n\t\t\t\t\t\t\t\t\t<\/li>\n\t\t\t\t\t\t<\/ul>\n\t\t\t\t\t\t<\/div>\n\t\t\t\t<\/div>\n\t\t\t\t\t<\/div>\n\t\t<\/div>\n\t\t\t\t<div class=\"elementor-column elementor-col-50 elementor-top-column elementor-element elementor-element-3f6e7e51\" data-id=\"3f6e7e51\" data-element_type=\"column\" data-e-type=\"column\">\n\t\t\t<div class=\"elementor-widget-wrap elementor-element-populated\">\n\t\t\t\t\t\t<div class=\"elementor-element elementor-element-57d0846a elementor-widget elementor-widget-heading\" data-id=\"57d0846a\" data-element_type=\"widget\" data-e-type=\"widget\" data-widget_type=\"heading.default\">\n\t\t\t\t<div class=\"elementor-widget-container\">\n\t\t\t\t\t<h3 class=\"elementor-heading-title elementor-size-large\"><span style=\"font-family: Montserrat, sans-serif;font-size: 20px;font-weight: 500;text-transform: uppercase\">zapisz si\u0119 do naszego newslettera!<\/span><span style=\"font-family: Montserrat, sans-serif;font-size: 20px;font-weight: 500;text-transform: uppercase\"><\/span><\/h3>\t\t\t\t<\/div>\n\t\t\t\t<\/div>\n\t\t\t\t\t<\/div>\n\t\t<\/div>\n\t\t\t\t\t<\/div>\n\t\t<\/section>\n\t\t\t\t<section class=\"elementor-section elementor-top-section elementor-element elementor-element-372cbe9f elementor-section-boxed elementor-section-height-default elementor-section-height-default\" data-id=\"372cbe9f\" data-element_type=\"section\" data-e-type=\"section\">\n\t\t\t\t\t\t<div class=\"elementor-container elementor-column-gap-default\">\n\t\t\t\t\t<div class=\"elementor-column elementor-col-100 elementor-top-column elementor-element elementor-element-65337efd\" data-id=\"65337efd\" data-element_type=\"column\" data-e-type=\"column\">\n\t\t\t<div class=\"elementor-widget-wrap elementor-element-populated\">\n\t\t\t\t\t\t<div class=\"elementor-element elementor-element-85017de elementor-widget elementor-widget-heading\" data-id=\"85017de\" data-element_type=\"widget\" data-e-type=\"widget\" data-widget_type=\"heading.default\">\n\t\t\t\t<div class=\"elementor-widget-container\">\n\t\t\t\t\t<h2 class=\"elementor-heading-title elementor-size-default\"><span style=\"font-family: Montserrat, sans-serif;font-size: 15px;font-weight: 500;text-transform: uppercase\">\u00a9 2024 Shopboard | All rights reserved<\/span><span style=\"font-family: Montserrat, sans-serif;font-size: 10px;font-weight: 500;text-transform: uppercase\"><\/span><\/h2>\t\t\t\t<\/div>\n\t\t\t\t<\/div>\n\t\t\t\t\t<\/div>\n\t\t<\/div>\n\t\t\t\t\t<\/div>\n\t\t<\/section>\n\t\t\t\t<\/div>\n\t\t","protected":false},"excerpt":{"rendered":"<p>Niniejsza polityka okre\u015bla zasady korzystania przez niniejszy portal internetowy z plik\u00f3w cookies. Jak wykorzystujemy pliki cookies? Pliki cookies (tzw. \u201eciasteczka\u201d) stanowi\u0105 dane informatyczne \u2013 w szczeg\u00f3lno\u015bci pliki tekstowe \u2013 s\u0105 umieszczane przez nasz Serwis podczas ka\u017cdej wizyty w urz\u0105dzeniu ko\u0144cowym U\u017cytkownika, co pozwala naszym witrynom internetowym zapami\u0119ta\u0107 komputer U\u017cytkownika lub urz\u0105dzenie oraz s\u0142u\u017cy realizacji kilku&hellip;&nbsp;<a href=\"https:\/\/shopboard.pl\/index.php\/polityka-cookies\/\" class=\"\" rel=\"bookmark\">Czytaj dalej &raquo;<span class=\"screen-reader-text\">Polityka Cookies<\/span><\/a><\/p>\n","protected":false},"author":1,"featured_media":0,"parent":0,"menu_order":0,"comment_status":"closed","ping_status":"open","template":"page-templates\/template-pagebuilder-full-width.php","meta":{"neve_meta_sidebar":"","neve_meta_container":"","neve_meta_enable_content_width":"","neve_meta_content_width":0,"neve_meta_title_alignment":"","neve_meta_author_avatar":"","neve_post_elements_order":"","neve_meta_disable_header":"","neve_meta_disable_footer":"","neve_meta_disable_title":"","footnotes":""},"class_list":["post-150","page","type-page","status-publish","hentry"],"_links":{"self":[{"href":"https:\/\/shopboard.pl\/index.php\/wp-json\/wp\/v2\/pages\/150","targetHints":{"allow":["GET"]}}],"collection":[{"href":"https:\/\/shopboard.pl\/index.php\/wp-json\/wp\/v2\/pages"}],"about":[{"href":"https:\/\/shopboard.pl\/index.php\/wp-json\/wp\/v2\/types\/page"}],"author":[{"embeddable":true,"href":"https:\/\/shopboard.pl\/index.php\/wp-json\/wp\/v2\/users\/1"}],"replies":[{"embeddable":true,"href":"https:\/\/shopboard.pl\/index.php\/wp-json\/wp\/v2\/comments?post=150"}],"version-history":[{"count":34,"href":"https:\/\/shopboard.pl\/index.php\/wp-json\/wp\/v2\/pages\/150\/revisions"}],"predecessor-version":[{"id":1776,"href":"https:\/\/shopboard.pl\/index.php\/wp-json\/wp\/v2\/pages\/150\/revisions\/1776"}],"wp:attachment":[{"href":"https:\/\/shopboard.pl\/index.php\/wp-json\/wp\/v2\/media?parent=150"}],"curies":[{"name":"wp","href":"https:\/\/api.w.org\/{rel}","templated":true}]}}