{"id":9,"date":"2020-12-29T11:23:08","date_gmt":"2020-12-29T10:23:08","guid":{"rendered":"https:\/\/shopboard.pl\/?page_id=9"},"modified":"2026-03-19T15:38:48","modified_gmt":"2026-03-19T14:38:48","slug":"kontakt","status":"publish","type":"page","link":"https:\/\/shopboard.pl\/index.php\/kontakt\/","title":{"rendered":"Kontakt"},"content":{"rendered":"\t\t<div data-elementor-type=\"wp-page\" data-elementor-id=\"9\" class=\"elementor elementor-9\">\n\t\t\t\t\t\t<section class=\"elementor-section elementor-top-section elementor-element elementor-element-2bb6b874 elementor-section-boxed elementor-section-height-default elementor-section-height-default\" data-id=\"2bb6b874\" data-element_type=\"section\" data-e-type=\"section\" data-settings=\"{&quot;background_background&quot;:&quot;classic&quot;}\">\n\t\t\t\t\t\t<div class=\"elementor-container elementor-column-gap-default\">\n\t\t\t\t\t<div class=\"elementor-column elementor-col-100 elementor-top-column elementor-element elementor-element-1e1d258b\" data-id=\"1e1d258b\" data-element_type=\"column\" data-e-type=\"column\">\n\t\t\t<div class=\"elementor-widget-wrap elementor-element-populated\">\n\t\t\t\t\t\t<div class=\"elementor-element elementor-element-4e5a7ed elementor-widget elementor-widget-heading\" data-id=\"4e5a7ed\" data-element_type=\"widget\" data-e-type=\"widget\" data-widget_type=\"heading.default\">\n\t\t\t\t<div class=\"elementor-widget-container\">\n\t\t\t\t\t<h2 class=\"elementor-heading-title elementor-size-default\"><b>Masz pytania?<\/b><br>Napisz do Nas!<\/h2>\t\t\t\t<\/div>\n\t\t\t\t<\/div>\n\t\t\t\t<section class=\"elementor-section elementor-inner-section elementor-element elementor-element-56c76fb2 elementor-section-boxed elementor-section-height-default elementor-section-height-default\" data-id=\"56c76fb2\" data-element_type=\"section\" data-e-type=\"section\">\n\t\t\t\t\t\t<div class=\"elementor-container elementor-column-gap-default\">\n\t\t\t\t\t<div class=\"elementor-column elementor-col-33 elementor-inner-column elementor-element elementor-element-43096bd5\" data-id=\"43096bd5\" data-element_type=\"column\" data-e-type=\"column\">\n\t\t\t<div class=\"elementor-widget-wrap\">\n\t\t\t\t\t\t\t<\/div>\n\t\t<\/div>\n\t\t\t\t<div class=\"elementor-column elementor-col-33 elementor-inner-column elementor-element elementor-element-7b6686c5\" data-id=\"7b6686c5\" data-element_type=\"column\" data-e-type=\"column\">\n\t\t\t<div class=\"elementor-widget-wrap elementor-element-populated\">\n\t\t\t\t\t\t<div class=\"elementor-element elementor-element-5114282a elementor-widget elementor-widget-elementskit-contact-form7\" data-id=\"5114282a\" data-element_type=\"widget\" data-e-type=\"widget\" data-widget_type=\"elementskit-contact-form7.default\">\n\t\t\t\t<div class=\"elementor-widget-container\">\n\t\t\t\t\t<div class=\"ekit-wid-con\" ><div class=\"ekit-form\">\n<div class=\"wpcf7 no-js\" id=\"wpcf7-f173-p9-o1\" lang=\"pl-PL\" dir=\"ltr\" data-wpcf7-id=\"173\">\n<div class=\"screen-reader-response\"><p role=\"status\" aria-live=\"polite\" aria-atomic=\"true\"><\/p> <ul><\/ul><\/div>\n<form action=\"\/index.php\/kontakt\/#wpcf7-f173-p9-o1\" method=\"post\" class=\"wpcf7-form init\" aria-label=\"Formularz kontaktowy\" novalidate=\"novalidate\" data-status=\"init\">\n<fieldset class=\"hidden-fields-container\"><input type=\"hidden\" name=\"_wpcf7\" value=\"173\" \/><input type=\"hidden\" name=\"_wpcf7_version\" value=\"6.1.5\" \/><input type=\"hidden\" name=\"_wpcf7_locale\" value=\"pl_PL\" \/><input type=\"hidden\" name=\"_wpcf7_unit_tag\" value=\"wpcf7-f173-p9-o1\" \/><input type=\"hidden\" name=\"_wpcf7_container_post\" value=\"9\" \/><input type=\"hidden\" name=\"_wpcf7_posted_data_hash\" value=\"\" \/>\n<\/fieldset>\n<p><label> Podaj swoje imi\u0119 i nazwisko<br \/>\n<span class=\"wpcf7-form-control-wrap\" data-name=\"your-name\"><input size=\"40\" maxlength=\"400\" class=\"wpcf7-form-control wpcf7-text wpcf7-validates-as-required\" aria-required=\"true\" aria-invalid=\"false\" value=\"\" type=\"text\" name=\"your-name\" \/><\/span> <\/label>\n<\/p>\n<p><label> Na ten e-mail otrzymasz od nas odpowied\u017a<br \/>\n<span class=\"wpcf7-form-control-wrap\" data-name=\"your-email\"><input size=\"40\" maxlength=\"400\" class=\"wpcf7-form-control wpcf7-email wpcf7-validates-as-required wpcf7-text wpcf7-validates-as-email\" aria-required=\"true\" aria-invalid=\"false\" value=\"\" type=\"email\" name=\"your-email\" \/><\/span> <\/label>\n<\/p>\n<p><label> Podaj temat wiadomo\u015bci<br \/>\n<span class=\"wpcf7-form-control-wrap\" data-name=\"your-subject\"><input size=\"40\" maxlength=\"400\" class=\"wpcf7-form-control wpcf7-text wpcf7-validates-as-required\" aria-required=\"true\" aria-invalid=\"false\" value=\"\" type=\"text\" name=\"your-subject\" \/><\/span> <\/label>\n<\/p>\n<p><label> Jak mo\u017cemy Ci pom\u00f3c?<br \/>\n<span class=\"wpcf7-form-control-wrap\" data-name=\"your-message\"><textarea cols=\"40\" rows=\"10\" maxlength=\"2000\" class=\"wpcf7-form-control wpcf7-textarea\" aria-invalid=\"false\" name=\"your-message\"><\/textarea><\/span> <\/label>\n<\/p>\n<p><span class=\"wpcf7-form-control-wrap\" data-name=\"acceptance-166\"><span class=\"wpcf7-form-control wpcf7-acceptance\"><span class=\"wpcf7-list-item\"><label><input type=\"checkbox\" name=\"acceptance-166\" value=\"1\" aria-invalid=\"false\" \/><span class=\"wpcf7-list-item-label\">Wyra\u017cam zgod\u0119 na przetwarzanie podanych przez mnie danych przez SHOPBOARD LTD, 7 Bell Yard, London, England, WC2A 2JR, numer identyfikacyjny 12313387 w celu zrealizowania sprawy zg\u0142oszonej w powy\u017cszym formularzu.<\/span><\/label><\/span><\/span><\/span>\n<\/p>\n<p><div id=\"cf7sr-69ee0360b74e4\" class=\"cf7sr-g-recaptcha\" data-theme=\"light\" data-type=\"image\" data-size=\"normal\" data-sitekey=\"6LfnhhoaAAAAALrCdpKFVqTyGfQlq1TnA7bx5Wdr\"><\/div><span class=\"wpcf7-form-control-wrap cf7sr-recaptcha\" data-name=\"cf7sr-recaptcha\"><input type=\"hidden\" name=\"cf7sr-recaptcha\" value=\"\" class=\"wpcf7-form-control\"><\/span>\n<\/p>\n<p><input class=\"wpcf7-form-control wpcf7-submit has-spinner\" type=\"submit\" value=\"Wy\u015blij\" \/>\n<\/p><input type='hidden' class='wpcf7-pum' value='{\"closepopup\":false,\"closedelay\":0,\"openpopup\":false,\"openpopup_id\":0}' \/><div class=\"wpcf7-response-output\" aria-hidden=\"true\"><\/div>\n<\/form>\n<\/div>\n<\/div><\/div>\t\t\t\t<\/div>\n\t\t\t\t<\/div>\n\t\t\t\t\t<\/div>\n\t\t<\/div>\n\t\t\t\t<div class=\"elementor-column elementor-col-33 elementor-inner-column elementor-element elementor-element-fd386c5\" data-id=\"fd386c5\" data-element_type=\"column\" data-e-type=\"column\">\n\t\t\t<div class=\"elementor-widget-wrap\">\n\t\t\t\t\t\t\t<\/div>\n\t\t<\/div>\n\t\t\t\t\t<\/div>\n\t\t<\/section>\n\t\t\t\t<div class=\"elementor-element elementor-element-795f06b elementor-widget-divider--view-line elementor-widget elementor-widget-divider\" data-id=\"795f06b\" data-element_type=\"widget\" data-e-type=\"widget\" data-widget_type=\"divider.default\">\n\t\t\t\t<div class=\"elementor-widget-container\">\n\t\t\t\t\t\t\t<div class=\"elementor-divider\">\n\t\t\t<span class=\"elementor-divider-separator\">\n\t\t\t\t\t\t<\/span>\n\t\t<\/div>\n\t\t\t\t\t\t<\/div>\n\t\t\t\t<\/div>\n\t\t\t\t<div class=\"elementor-element elementor-element-aee1e05 elementor-widget elementor-widget-html\" data-id=\"aee1e05\" data-element_type=\"widget\" data-e-type=\"widget\" data-widget_type=\"html.default\">\n\t\t\t\t<div class=\"elementor-widget-container\">\n\t\t\t\t\t<!-- MailRouter Embed Form -->\r\n<div id=\"mr-fbf74913-40b1-45a3-9883-78e6e8155d60\" style=\"font-family:'Inter',system-ui,sans-serif;max-width:480px;margin:0 auto\">\r\n<style>\r\n#mr-fbf74913-40b1-45a3-9883-78e6e8155d60 *{box-sizing:border-box;margin:0;padding:0}\r\n#mr-fbf74913-40b1-45a3-9883-78e6e8155d60 .mr-f{margin-bottom:.75rem}\r\n#mr-fbf74913-40b1-45a3-9883-78e6e8155d60 .mr-f label{display:block;font-size:.8125rem;font-weight:500;margin-bottom:.25rem;color:inherit}\r\n#mr-fbf74913-40b1-45a3-9883-78e6e8155d60 .mr-f input,#mr-fbf74913-40b1-45a3-9883-78e6e8155d60 .mr-f textarea,#mr-fbf74913-40b1-45a3-9883-78e6e8155d60 .mr-f select{width:100%;padding:.5rem .75rem;border:1px solid #d1d5db;border-radius:12px;font-size:.875rem;font-family:inherit;background:#fff;color:#1e293b;transition:border-color .2s,box-shadow .2s}\r\n#mr-fbf74913-40b1-45a3-9883-78e6e8155d60 .mr-f input:focus,#mr-fbf74913-40b1-45a3-9883-78e6e8155d60 .mr-f textarea:focus,#mr-fbf74913-40b1-45a3-9883-78e6e8155d60 .mr-f select:focus{outline:none;border-color:6366f1;box-shadow:0 0 0 3px 6366f122}\r\n#mr-fbf74913-40b1-45a3-9883-78e6e8155d60 .mr-cb label{display:flex;align-items:center;gap:.4rem;cursor:pointer;font-size:.8125rem}\r\n#mr-fbf74913-40b1-45a3-9883-78e6e8155d60 .mr-cb input{width:auto}\r\n#mr-fbf74913-40b1-45a3-9883-78e6e8155d60 .mr-row{display:flex;gap:.75rem}\r\n#mr-fbf74913-40b1-45a3-9883-78e6e8155d60 .mr-row .mr-f{flex:1;min-width:0}\r\n#mr-fbf74913-40b1-45a3-9883-78e6e8155d60 .mr-btn{display:block;width:100%;padding:.625rem;background:6366f1;color:#fff;border:none;border-radius:12px;font-size:.9375rem;font-weight:600;cursor:pointer;transition:opacity .2s;margin-top:.75rem;font-family:inherit}\r\n#mr-fbf74913-40b1-45a3-9883-78e6e8155d60 .mr-btn:hover{opacity:.9}\r\n#mr-fbf74913-40b1-45a3-9883-78e6e8155d60 .mr-hp{position:absolute;left:-9999px}\r\n#mr-fbf74913-40b1-45a3-9883-78e6e8155d60 .mr-msg{padding:.75rem;border-radius:12px;margin-top:.75rem;text-align:center;font-size:.875rem;font-weight:500;display:none}\r\n#mr-fbf74913-40b1-45a3-9883-78e6e8155d60 .mr-ok{background:6366f118;color:6366f1}\r\n#mr-fbf74913-40b1-45a3-9883-78e6e8155d60 .mr-err{background:#ef444418;color:#ef4444}\r\n<\/style>\r\n<form id=\"mrf-fbf74913-40b1-45a3-9883-78e6e8155d60\" action=\"https:\/\/forms.shopboard.pl\/subscribe\/fbf74913-40b1-45a3-9883-78e6e8155d60\" method=\"POST\">\r\n<div class=\"mr-f\"><label>Email Address<\/label><input type=\"email\" name=\"email\" placeholder=\"Email Address\" required><\/div><div class=\"mr-f\"><label>Name<\/label><input type=\"text\" name=\"field_1773926196883\" placeholder=\"Name\"><\/div>\r\n<div class=\"mr-hp\"><input type=\"text\" name=\"_hp\" tabindex=\"-1\" autocomplete=\"off\"><\/div>\r\n<button type=\"submit\" class=\"mr-btn\">Submit<\/button>\r\n<\/form>\r\n<div id=\"mrm-fbf74913-40b1-45a3-9883-78e6e8155d60\" class=\"mr-msg\"><\/div>\r\n<img decoding=\"async\" src=\"https:\/\/forms.shopboard.pl\/f\/px\/fbf74913-40b1-45a3-9883-78e6e8155d60\" alt=\"\" width=\"1\" height=\"1\" style=\"position:absolute;left:-9999px\">\r\n<script>\r\n(function(){\r\nvar f=document.getElementById('mrf-fbf74913-40b1-45a3-9883-78e6e8155d60'),m=document.getElementById('mrm-fbf74913-40b1-45a3-9883-78e6e8155d60');\r\nf.addEventListener('submit',function(e){\r\ne.preventDefault();\r\nvar d=new FormData(f),o={};d.forEach(function(v,k){o[k]=v});\r\nvar b=f.querySelector('.mr-btn');b.disabled=true;b.textContent='Submitting...';\r\nfetch(f.action,{method:'POST',headers:{'Content-Type':'application\/json'},body:JSON.stringify(o)})\r\n.then(function(r){return r.json()})\r\n.then(function(j){\r\nm.style.display='block';\r\nm.className='mr-msg '+(j.status==='ok'||j.status==='confirm'?'mr-ok':'mr-err');\r\nm.textContent=j.message||'Thank you!';\r\nif(j.status==='ok'||j.status==='confirm')f.style.display='none';\r\nif(j.redirect_url)setTimeout(function(){window.location=j.redirect_url},1500);\r\nb.disabled=false;b.textContent='Submit';\r\n}).catch(function(){\r\nm.style.display='block';m.className='mr-msg mr-err';m.textContent='Something went wrong.';\r\nb.disabled=false;b.textContent='Submit';\r\n});\r\n});\r\n})();\r\n<\/script>\r\n<\/div>\t\t\t\t<\/div>\n\t\t\t\t<\/div>\n\t\t\t\t\t<\/div>\n\t\t<\/div>\n\t\t\t\t\t<\/div>\n\t\t<\/section>\n\t\t\t\t<section class=\"elementor-section elementor-top-section elementor-element elementor-element-fb7ce70 elementor-section-boxed elementor-section-height-default elementor-section-height-default\" data-id=\"fb7ce70\" data-element_type=\"section\" data-e-type=\"section\" data-settings=\"{&quot;background_background&quot;:&quot;classic&quot;}\">\n\t\t\t\t\t\t<div class=\"elementor-container elementor-column-gap-wider\">\n\t\t\t\t\t<div class=\"elementor-column elementor-col-25 elementor-top-column elementor-element elementor-element-6a2fd562\" data-id=\"6a2fd562\" data-element_type=\"column\" data-e-type=\"column\">\n\t\t\t<div class=\"elementor-widget-wrap elementor-element-populated\">\n\t\t\t\t\t\t<div class=\"elementor-element elementor-element-4bc3a5ed elementor-widget elementor-widget-image\" data-id=\"4bc3a5ed\" data-element_type=\"widget\" data-e-type=\"widget\" data-widget_type=\"image.default\">\n\t\t\t\t<div class=\"elementor-widget-container\">\n\t\t\t\t\t\t\t\t\t\t\t\t\t\t\t\t<a href=\"https:\/\/shopboard.pl\/\">\n\t\t\t\t\t\t\t<img fetchpriority=\"high\" decoding=\"async\" width=\"1024\" height=\"94\" src=\"https:\/\/shopboard.pl\/wp-content\/uploads\/2020\/12\/brandmark-design-6-1024x94.png\" class=\"attachment-large size-large wp-image-40\" alt=\"\" srcset=\"https:\/\/shopboard.pl\/wp-content\/uploads\/2020\/12\/brandmark-design-6-1024x94.png 1024w, https:\/\/shopboard.pl\/wp-content\/uploads\/2020\/12\/brandmark-design-6-e1609243568346.png 300w, https:\/\/shopboard.pl\/wp-content\/uploads\/2020\/12\/brandmark-design-6-768x71.png 768w, https:\/\/shopboard.pl\/wp-content\/uploads\/2020\/12\/brandmark-design-6-1536x141.png 1536w, https:\/\/shopboard.pl\/wp-content\/uploads\/2020\/12\/brandmark-design-6-1200x110.png 1200w\" sizes=\"(max-width: 1024px) 100vw, 1024px\" \/>\t\t\t\t\t\t\t\t<\/a>\n\t\t\t\t\t\t\t\t\t\t\t\t\t\t\t<\/div>\n\t\t\t\t<\/div>\n\t\t\t\t\t<\/div>\n\t\t<\/div>\n\t\t\t\t<div class=\"elementor-column elementor-col-25 elementor-top-column elementor-element elementor-element-367fc2ff\" data-id=\"367fc2ff\" data-element_type=\"column\" data-e-type=\"column\">\n\t\t\t<div class=\"elementor-widget-wrap elementor-element-populated\">\n\t\t\t\t\t\t<div class=\"elementor-element elementor-element-5301faab elementor-widget elementor-widget-heading\" data-id=\"5301faab\" data-element_type=\"widget\" data-e-type=\"widget\" data-widget_type=\"heading.default\">\n\t\t\t\t<div class=\"elementor-widget-container\">\n\t\t\t\t\t<h3 class=\"elementor-heading-title elementor-size-large\"><span style=\"font-family: Montserrat, sans-serif;font-size: 20px;font-weight: 500;text-transform: uppercase\">Menu<\/span><span style=\"font-family: Montserrat, sans-serif;font-size: 20px;font-weight: 500;text-transform: uppercase\"><\/span><\/h3>\t\t\t\t<\/div>\n\t\t\t\t<\/div>\n\t\t\t\t<div class=\"elementor-element elementor-element-36b625b4 elementor-icon-list--layout-traditional elementor-list-item-link-full_width elementor-widget elementor-widget-icon-list\" data-id=\"36b625b4\" data-element_type=\"widget\" data-e-type=\"widget\" data-widget_type=\"icon-list.default\">\n\t\t\t\t<div class=\"elementor-widget-container\">\n\t\t\t\t\t\t\t<ul class=\"elementor-icon-list-items\">\n\t\t\t\t\t\t\t<li class=\"elementor-icon-list-item\">\n\t\t\t\t\t\t\t\t\t\t\t<a href=\"https:\/\/shopboard.pl\/index.php\/blog\/\">\n\n\t\t\t\t\t\t\t\t\t\t\t<span class=\"elementor-icon-list-text\">Blog<\/span>\n\t\t\t\t\t\t\t\t\t\t\t<\/a>\n\t\t\t\t\t\t\t\t\t<\/li>\n\t\t\t\t\t\t\t\t<li class=\"elementor-icon-list-item\">\n\t\t\t\t\t\t\t\t\t\t\t<a href=\"https:\/\/shopboard.pl\/index.php\/kontakt\/\">\n\n\t\t\t\t\t\t\t\t\t\t\t<span class=\"elementor-icon-list-text\">Kontakt<\/span>\n\t\t\t\t\t\t\t\t\t\t\t<\/a>\n\t\t\t\t\t\t\t\t\t<\/li>\n\t\t\t\t\t\t<\/ul>\n\t\t\t\t\t\t<\/div>\n\t\t\t\t<\/div>\n\t\t\t\t<div class=\"elementor-element elementor-element-4990c97a elementor-icon-list--layout-traditional elementor-list-item-link-full_width elementor-widget elementor-widget-icon-list\" data-id=\"4990c97a\" data-element_type=\"widget\" data-e-type=\"widget\" data-widget_type=\"icon-list.default\">\n\t\t\t\t<div class=\"elementor-widget-container\">\n\t\t\t\t\t\t\t<ul class=\"elementor-icon-list-items\">\n\t\t\t\t\t\t\t<li class=\"elementor-icon-list-item\">\n\t\t\t\t\t\t\t\t\t\t\t<a href=\"https:\/\/shopboard.pl\/index.php\/polityka-prywatnosci\/\">\n\n\t\t\t\t\t\t\t\t\t\t\t<span class=\"elementor-icon-list-text\">Polityka Prywatno\u015bci <\/span>\n\t\t\t\t\t\t\t\t\t\t\t<\/a>\n\t\t\t\t\t\t\t\t\t<\/li>\n\t\t\t\t\t\t\t\t<li class=\"elementor-icon-list-item\">\n\t\t\t\t\t\t\t\t\t\t\t<a href=\"https:\/\/shopboard.pl\/index.php\/polityka-cookies\/\">\n\n\t\t\t\t\t\t\t\t\t\t\t<span class=\"elementor-icon-list-text\">Polityka Cookies<\/span>\n\t\t\t\t\t\t\t\t\t\t\t<\/a>\n\t\t\t\t\t\t\t\t\t<\/li>\n\t\t\t\t\t\t<\/ul>\n\t\t\t\t\t\t<\/div>\n\t\t\t\t<\/div>\n\t\t\t\t\t<\/div>\n\t\t<\/div>\n\t\t\t\t<div class=\"elementor-column elementor-col-50 elementor-top-column elementor-element elementor-element-6ad50b5b\" data-id=\"6ad50b5b\" data-element_type=\"column\" data-e-type=\"column\">\n\t\t\t<div class=\"elementor-widget-wrap elementor-element-populated\">\n\t\t\t\t\t\t<div class=\"elementor-element elementor-element-25773b31 elementor-widget elementor-widget-heading\" data-id=\"25773b31\" data-element_type=\"widget\" data-e-type=\"widget\" data-widget_type=\"heading.default\">\n\t\t\t\t<div class=\"elementor-widget-container\">\n\t\t\t\t\t<h3 class=\"elementor-heading-title elementor-size-large\"><span style=\"font-family: Montserrat, sans-serif;font-size: 20px;font-weight: 500;text-transform: uppercase\">zapisz si\u0119 do naszego newslettera!<\/span><span style=\"font-family: Montserrat, sans-serif;font-size: 20px;font-weight: 500;text-transform: uppercase\"><\/span><\/h3>\t\t\t\t<\/div>\n\t\t\t\t<\/div>\n\t\t\t\t\t<\/div>\n\t\t<\/div>\n\t\t\t\t\t<\/div>\n\t\t<\/section>\n\t\t\t\t<section class=\"elementor-section elementor-top-section elementor-element elementor-element-297e310 elementor-section-boxed elementor-section-height-default elementor-section-height-default\" data-id=\"297e310\" data-element_type=\"section\" data-e-type=\"section\">\n\t\t\t\t\t\t<div class=\"elementor-container elementor-column-gap-default\">\n\t\t\t\t\t<div class=\"elementor-column elementor-col-100 elementor-top-column elementor-element elementor-element-7c158c83\" data-id=\"7c158c83\" data-element_type=\"column\" data-e-type=\"column\">\n\t\t\t<div class=\"elementor-widget-wrap elementor-element-populated\">\n\t\t\t\t\t\t<div class=\"elementor-element elementor-element-be276cd elementor-widget elementor-widget-heading\" data-id=\"be276cd\" data-element_type=\"widget\" data-e-type=\"widget\" data-widget_type=\"heading.default\">\n\t\t\t\t<div class=\"elementor-widget-container\">\n\t\t\t\t\t<h2 class=\"elementor-heading-title elementor-size-default\"><span style=\"font-family: Montserrat, sans-serif;font-size: 15px;font-weight: 500;text-transform: uppercase\">\u00a9 2024 Shopboard | All rights reserved<\/span><span style=\"font-family: Montserrat, sans-serif;font-size: 10px;font-weight: 500;text-transform: uppercase\"><\/span><\/h2>\t\t\t\t<\/div>\n\t\t\t\t<\/div>\n\t\t\t\t\t<\/div>\n\t\t<\/div>\n\t\t\t\t\t<\/div>\n\t\t<\/section>\n\t\t\t\t<\/div>\n\t\t","protected":false},"excerpt":{"rendered":"<p>Masz pytania?Napisz do Nas! Podaj swoje imi\u0119 i nazwisko Na ten e-mail otrzymasz od nas odpowied\u017a Podaj temat wiadomo\u015bci Jak mo\u017cemy Ci pom\u00f3c? Wyra\u017cam zgod\u0119 na przetwarzanie podanych przez mnie danych przez SHOPBOARD LTD, 7 Bell Yard, London, England, WC2A 2JR, numer identyfikacyjny 12313387 w celu zrealizowania sprawy zg\u0142oszonej w powy\u017cszym formularzu. Email AddressName Submit&hellip;&nbsp;<a href=\"https:\/\/shopboard.pl\/index.php\/kontakt\/\" class=\"\" rel=\"bookmark\">Czytaj dalej &raquo;<span class=\"screen-reader-text\">Kontakt<\/span><\/a><\/p>\n","protected":false},"author":1,"featured_media":0,"parent":0,"menu_order":0,"comment_status":"closed","ping_status":"open","template":"page-templates\/template-pagebuilder-full-width.php","meta":{"neve_meta_sidebar":"","neve_meta_container":"","neve_meta_enable_content_width":"","neve_meta_content_width":0,"neve_meta_title_alignment":"","neve_meta_author_avatar":"","neve_post_elements_order":"","neve_meta_disable_header":"","neve_meta_disable_footer":"","neve_meta_disable_title":"","footnotes":""},"class_list":["post-9","page","type-page","status-publish","hentry"],"_links":{"self":[{"href":"https:\/\/shopboard.pl\/index.php\/wp-json\/wp\/v2\/pages\/9","targetHints":{"allow":["GET"]}}],"collection":[{"href":"https:\/\/shopboard.pl\/index.php\/wp-json\/wp\/v2\/pages"}],"about":[{"href":"https:\/\/shopboard.pl\/index.php\/wp-json\/wp\/v2\/types\/page"}],"author":[{"embeddable":true,"href":"https:\/\/shopboard.pl\/index.php\/wp-json\/wp\/v2\/users\/1"}],"replies":[{"embeddable":true,"href":"https:\/\/shopboard.pl\/index.php\/wp-json\/wp\/v2\/comments?post=9"}],"version-history":[{"count":38,"href":"https:\/\/shopboard.pl\/index.php\/wp-json\/wp\/v2\/pages\/9\/revisions"}],"predecessor-version":[{"id":30320,"href":"https:\/\/shopboard.pl\/index.php\/wp-json\/wp\/v2\/pages\/9\/revisions\/30320"}],"wp:attachment":[{"href":"https:\/\/shopboard.pl\/index.php\/wp-json\/wp\/v2\/media?parent=9"}],"curies":[{"name":"wp","href":"https:\/\/api.w.org\/{rel}","templated":true}]}}