{"id":986,"date":"2021-02-12T14:45:57","date_gmt":"2021-02-12T13:45:57","guid":{"rendered":"https:\/\/shopboard.pl\/?page_id=986"},"modified":"2023-01-26T15:02:25","modified_gmt":"2023-01-26T14:02:25","slug":"klauzula-informacyjna-dotyczaca-dzialan-marketingowych","status":"publish","type":"page","link":"https:\/\/shopboard.pl\/index.php\/klauzula-informacyjna-dotyczaca-dzialan-marketingowych\/","title":{"rendered":"Klauzula informacyjna dotycz\u0105ca dzia\u0142a\u0144 marketingowych"},"content":{"rendered":"\t\t<div data-elementor-type=\"wp-page\" data-elementor-id=\"986\" class=\"elementor elementor-986\">\n\t\t\t\t\t\t<section class=\"elementor-section elementor-top-section elementor-element elementor-element-5562737 elementor-section-content-middle elementor-section-full_width elementor-section-height-default elementor-section-height-default\" data-id=\"5562737\" data-element_type=\"section\" data-e-type=\"section\">\n\t\t\t\t\t\t<div class=\"elementor-container elementor-column-gap-no\">\n\t\t\t\t\t<div class=\"elementor-column elementor-col-100 elementor-top-column elementor-element elementor-element-b635dc4\" data-id=\"b635dc4\" data-element_type=\"column\" data-e-type=\"column\">\n\t\t\t<div class=\"elementor-widget-wrap elementor-element-populated\">\n\t\t\t\t\t\t<div class=\"elementor-element elementor-element-8a3aacd elementor-widget elementor-widget-heading\" data-id=\"8a3aacd\" data-element_type=\"widget\" data-e-type=\"widget\" data-widget_type=\"heading.default\">\n\t\t\t\t<div class=\"elementor-widget-container\">\n\t\t\t\t\t<h1 class=\"elementor-heading-title elementor-size-default\">Zgodnie z art. 13 og\u00f3lnego Rozporz\u0105dzenia o ochronie danych osobowych z dnia 27 kwietnia\n2016 r., dalej jako: \u201eRODO\u201d, informuj\u0119, i\u017c:<\/h1>\t\t\t\t<\/div>\n\t\t\t\t<\/div>\n\t\t\t\t<div class=\"elementor-element elementor-element-f965e18 elementor-widget elementor-widget-text-editor\" data-id=\"f965e18\" data-element_type=\"widget\" data-e-type=\"widget\" data-widget_type=\"text-editor.default\">\n\t\t\t\t<div class=\"elementor-widget-container\">\n\t\t\t\t\t\t\t\t\t<div style=\"margin: 0px auto; padding: 0px; outline: 0px; max-width: 100%; width: 1202px; text-align: left;\">\n<p style=\"color: #8d99ae;\"><span style=\"text-align: justify; font-family: var( --e-global-typography-text-font-family ), Sans-serif; background-color: var(--nv-site-bg);\">1. Administratorem Pani\/Pana danych osobowych staje si\u0119 SHOPBOARD LTD, <\/span><span style=\"text-align: justify; font-family: var( --e-global-typography-text-font-family ), Sans-serif; background-color: var(--nv-site-bg);\">London, W1W 7LT, Great Portland 85, GB 12313387\u00a0, dalej\u00a0<\/span><span style=\"text-align: justify; font-family: var( --e-global-typography-text-font-family ), Sans-serif; background-color: var(--nv-site-bg);\">jako \u201eSHOPBOARD LTD\u201d.<\/span><\/p>\n<p style=\"text-align: justify;\"><span style=\"color: #8d99ae;\">2. Przetwarzanie Pani\/Pana danych osobowych odbywa si\u0119 wy\u0142\u0105cznie w celu prowadzenia dzia\u0142a\u0144\u00a0<\/span><span style=\"color: #8d99ae; font-family: var( --e-global-typography-text-font-family ), Sans-serif; background-color: var(--nv-site-bg);\">marketingowych, tj. na podstawie art. 6 ust. 1 lit. a RODO.<\/span><\/p>\n\n<\/div>\n<div style=\"margin: 0px auto; padding: 0px; outline: 0px; max-width: 100%; width: 1202px; text-align: justify; justify-content: space-between;\">\n<p style=\"color: #8d99ae; outline: 0px; overflow-wrap: break-word;\"><\/p>\n\n<\/div>\n<div style=\"margin: 0px auto; padding: 0px; outline: 0px; max-width: 100%; width: 1202px; text-align: justify; justify-content: space-between;\">\n<p style=\"outline: 0px; overflow-wrap: break-word;\"><span style=\"color: #8d99ae;\">3. Przetwarzanie Pani\/Pana danych osobowych obejmuje imi\u0119 i nazwisko oraz adres e-mail.<\/span><\/p>\n<p style=\"outline: 0px; overflow-wrap: break-word;\"><span style=\"color: #8d99ae;\">4. Odbiorc\u0105 Pani\/Pana danych osobowych mog\u0105 by\u0107 podmioty \u015bwiadcz\u0105ce na rzecz\u00a0<\/span><span style=\"color: #8d99ae;\">SHOPBOARD LTD<\/span><span style=\"color: #8d99ae;\">\u00a0us\u0142ugi\u00a0<\/span><span style=\"color: #8d99ae; font-family: var( --e-global-typography-text-font-family ), Sans-serif; background-color: var(--nv-site-bg);\">informatyczne.<\/span><\/p>\n<span style=\"color: #8d99ae;\">5.\u00a0<\/span><span style=\"color: #8d99ae;\">SHOPBOARD LTD<\/span><span style=\"color: #8d99ae;\">\u00a0nie przekazuje Pani\/Pana danych osobowych do pa\u0144stw trzecich ani organizacji\u00a0<\/span><span style=\"color: #8d99ae; font-family: var( --e-global-typography-text-font-family ), Sans-serif; background-color: var(--nv-site-bg);\">mi\u0119dzynarodowych.<\/span>\n<br>\n<br>\n<span style=\"color: #8d99ae;\">6.Pani\/Pana dane osobowe przechowywane b\u0119d\u0105 do czasu odwo\u0142ania zgody na przetwarzanie danych\u00a0<\/span><span style=\"color: #8d99ae; font-family: var( --e-global-typography-text-font-family ), Sans-serif; background-color: var(--nv-site-bg);\">osobowych w celu prowadzenia dzia\u0142a\u0144 marketingowych, a po tym czasie przez okres oraz w zakresie\u00a0<\/span><span style=\"color: #8d99ae; font-family: var( --e-global-typography-text-font-family ), Sans-serif; background-color: var(--nv-site-bg);\">wymaganym przez przepisy prawa lub w celach dochodzenia oraz obrony przed roszczeniami oraz w\u00a0<\/span><span style=\"color: #8d99ae; font-family: var( --e-global-typography-text-font-family ), Sans-serif; background-color: var(--nv-site-bg);\">celach prowadzeniem post\u0119powa\u0144 spornych, a tak\u017ce post\u0119powa\u0144 przed organami w\u0142adzy publicznej\u00a0<\/span><span style=\"color: #8d99ae; font-family: var( --e-global-typography-text-font-family ), Sans-serif; background-color: var(--nv-site-bg);\">oraz innych post\u0119powa\u0144, w tym przez okres wymagany przepisami prawa lub niezb\u0119dny do realizacji\u00a0<\/span><span style=\"color: #8d99ae; font-family: var( --e-global-typography-text-font-family ), Sans-serif; background-color: var(--nv-site-bg);\">prawie uzasadnionych interes\u00f3w administratora danych osobowych.<\/span>\n<br>\n<br>\n<span style=\"color: #8d99ae;\">7. Ma Pani\/Pan prawo dost\u0119pu do tre\u015bci swoich danych oraz prawo ich sprostowania, usuni\u0119cia,\u00a0<\/span><span style=\"color: #8d99ae; font-family: var( --e-global-typography-text-font-family ), Sans-serif; background-color: var(--nv-site-bg);\">ograniczenia przetwarzania, prawo do przenoszenia danych oraz prawo do wniesienia sprzeciwu do\u00a0<\/span><span style=\"color: #8d99ae; font-family: var( --e-global-typography-text-font-family ), Sans-serif; background-color: var(--nv-site-bg);\">przetwarzania danych osobowych, a tak\u017ce prawo do wniesienia skargi do PUODO, gdy uzna Pani\/Pan,\u00a0<\/span><span style=\"color: #8d99ae; font-family: var( --e-global-typography-text-font-family ), Sans-serif; background-color: var(--nv-site-bg);\">i\u017c przetwarzanie jego danych osobowych narusza przepisy Rozporz\u0105dzenia. Ma Pani\/Pan tak\u017ce prawo\u00a0<\/span><span style=\"color: #8d99ae; font-family: var( --e-global-typography-text-font-family ), Sans-serif; background-color: var(--nv-site-bg);\">\u017c\u0105dania informacji o swoich danych osobowych oraz podmiotach, kt\u00f3rym zosta\u0142y one udost\u0119pnione.<\/span>\n<br>\n<br>\n<span style=\"color: #8d99ae;\">8. W ka\u017cdej chwili ma Pani\/Pan prawo cofn\u0105\u0107 zgod\u0119 na przetwarzanie danych osobowych, kt\u00f3re s\u0105\u00a0<\/span><span style=\"color: #8d99ae; font-family: var( --e-global-typography-text-font-family ), Sans-serif; background-color: var(--nv-site-bg);\">przetwarzane na podstawie wyra\u017conej zgody. Cofniecie zgody nie b\u0119dzie wp\u0142ywa\u0107 na zgodno\u015b\u0107 z\u00a0<\/span><span style=\"color: #8d99ae; font-family: var( --e-global-typography-text-font-family ), Sans-serif; background-color: var(--nv-site-bg);\">prawem przetwarzania, kt\u00f3rego dokonano na podstawie wyra\u017conej zgody przed jej wycofaniem.<\/span>\n<br>\n<br>\n<span style=\"color: #8d99ae;\">9. Pani\/Pana dane osobowe nie b\u0119d\u0105 przetwarzane w spos\u00f3b zautomatyzowany, w tym r\u00f3wnie\u017c w\u00a0<\/span><span style=\"color: #8d99ae; font-family: var( --e-global-typography-text-font-family ), Sans-serif; background-color: var(--nv-site-bg);\">formie profilowania.<\/span>\n<br>\n<span style=\"color: #8d99ae;\">10. Podanie danych osobowych przez Pani\u0105\/Pana jest dobrowolne, jednak niezb\u0119dne do prowadzenia\u00a0<\/span><span style=\"color: #8d99ae; font-family: var( --e-global-typography-text-font-family ), Sans-serif; background-color: var(--nv-site-bg);\">dzia\u0142a\u0144 marketingowych.<\/span>\n<br>\n<\/div>\t\t\t\t\t\t\t\t<\/div>\n\t\t\t\t<\/div>\n\t\t\t\t\t<\/div>\n\t\t<\/div>\n\t\t\t\t\t<\/div>\n\t\t<\/section>\n\t\t\t\t<\/div>\n\t\t","protected":false},"excerpt":{"rendered":"<p>Zgodnie z art. 13 og\u00f3lnego Rozporz\u0105dzenia o ochronie danych osobowych z dnia 27 kwietnia 2016 r., dalej jako: \u201eRODO\u201d, informuj\u0119, i\u017c: 1. Administratorem Pani\/Pana danych osobowych staje si\u0119 SHOPBOARD LTD, London, W1W 7LT, Great Portland 85, GB 12313387\u00a0, dalej\u00a0jako \u201eSHOPBOARD LTD\u201d. 2. Przetwarzanie Pani\/Pana danych osobowych odbywa si\u0119 wy\u0142\u0105cznie w celu prowadzenia dzia\u0142a\u0144\u00a0marketingowych, tj. na&hellip;&nbsp;<a href=\"https:\/\/shopboard.pl\/index.php\/klauzula-informacyjna-dotyczaca-dzialan-marketingowych\/\" class=\"\" rel=\"bookmark\">Czytaj dalej &raquo;<span class=\"screen-reader-text\">Klauzula informacyjna dotycz\u0105ca dzia\u0142a\u0144 marketingowych<\/span><\/a><\/p>\n","protected":false},"author":1,"featured_media":0,"parent":0,"menu_order":0,"comment_status":"closed","ping_status":"closed","template":"page-templates\/template-pagebuilder-full-width.php","meta":{"neve_meta_sidebar":"full-width","neve_meta_container":"","neve_meta_enable_content_width":"on","neve_meta_content_width":100,"neve_meta_title_alignment":"","neve_meta_author_avatar":"","neve_post_elements_order":"","neve_meta_disable_header":"","neve_meta_disable_footer":"","neve_meta_disable_title":"","footnotes":""},"class_list":["post-986","page","type-page","status-publish","hentry"],"_links":{"self":[{"href":"https:\/\/shopboard.pl\/index.php\/wp-json\/wp\/v2\/pages\/986","targetHints":{"allow":["GET"]}}],"collection":[{"href":"https:\/\/shopboard.pl\/index.php\/wp-json\/wp\/v2\/pages"}],"about":[{"href":"https:\/\/shopboard.pl\/index.php\/wp-json\/wp\/v2\/types\/page"}],"author":[{"embeddable":true,"href":"https:\/\/shopboard.pl\/index.php\/wp-json\/wp\/v2\/users\/1"}],"replies":[{"embeddable":true,"href":"https:\/\/shopboard.pl\/index.php\/wp-json\/wp\/v2\/comments?post=986"}],"version-history":[{"count":9,"href":"https:\/\/shopboard.pl\/index.php\/wp-json\/wp\/v2\/pages\/986\/revisions"}],"predecessor-version":[{"id":1474,"href":"https:\/\/shopboard.pl\/index.php\/wp-json\/wp\/v2\/pages\/986\/revisions\/1474"}],"wp:attachment":[{"href":"https:\/\/shopboard.pl\/index.php\/wp-json\/wp\/v2\/media?parent=986"}],"curies":[{"name":"wp","href":"https:\/\/api.w.org\/{rel}","templated":true}]}}